{"id":184,"date":"2020-08-25T09:17:35","date_gmt":"2020-08-25T09:17:35","guid":{"rendered":"https:\/\/demo2wpopal.b-cdn.net\/poco\/?page_id=184"},"modified":"2024-04-22T00:30:13","modified_gmt":"2024-04-22T00:30:13","slug":"about-us","status":"publish","type":"page","link":"https:\/\/submarine105.com\/menu\/about-us\/","title":{"rendered":"About us"},"content":{"rendered":"\t\t<div data-elementor-type=\"wp-page\" data-elementor-id=\"184\" class=\"elementor elementor-184\" data-elementor-post-type=\"page\">\n\t\t\t\t\t\t<div class=\"elementor-section elementor-top-section elementor-element elementor-element-4b2032e elementor-section-stretched elementor-section-boxed elementor-section-height-default elementor-section-height-default\" data-id=\"4b2032e\" data-element_type=\"section\" data-settings=\"{&quot;stretch_section&quot;:&quot;section-stretched&quot;}\">\n\t\t\t\t\t\t<div class=\"elementor-container elementor-column-gap-no\">\n\t\t\t\t\t<div class=\"elementor-column elementor-col-50 elementor-top-column elementor-element elementor-element-332527e\" data-id=\"332527e\" data-element_type=\"column\">\n\t\t\t<div class=\"elementor-widget-wrap elementor-element-populated\">\n\t\t\t\t\t\t<div class=\"elementor-element elementor-element-087a4ee elementor-widget__width-auto elementor-absolute elementor-widget elementor-widget-image\" data-id=\"087a4ee\" data-element_type=\"widget\" data-settings=\"{&quot;_position&quot;:&quot;absolute&quot;,&quot;motion_fx_motion_fx_scrolling&quot;:&quot;yes&quot;,&quot;motion_fx_translateY_effect&quot;:&quot;yes&quot;,&quot;motion_fx_translateY_speed&quot;:{&quot;unit&quot;:&quot;px&quot;,&quot;size&quot;:4,&quot;sizes&quot;:[]},&quot;motion_fx_translateY_affectedRange&quot;:{&quot;unit&quot;:&quot;%&quot;,&quot;size&quot;:&quot;&quot;,&quot;sizes&quot;:{&quot;start&quot;:0,&quot;end&quot;:100}},&quot;motion_fx_devices&quot;:[&quot;desktop&quot;,&quot;tablet&quot;,&quot;mobile&quot;]}\" data-widget_type=\"image.default\">\n\t\t\t\t<div class=\"elementor-widget-container\">\n\t\t\t\t\t\t\t\t\t\t\t\t\t\t\t<img decoding=\"async\" src=\"https:\/\/demo2wpopal.b-cdn.net\/poco\/wp-content\/uploads\/2020\/08\/vector1-h3.png\" title=\"\" alt=\"\" loading=\"lazy\" \/>\t\t\t\t\t\t\t\t\t\t\t\t\t\t\t<\/div>\n\t\t\t\t<\/div>\n\t\t\t\t<div class=\"elementor-element elementor-element-9e9c374 elementor-widget elementor-widget-text-editor\" data-id=\"9e9c374\" data-element_type=\"widget\" data-widget_type=\"text-editor.default\">\n\t\t\t\t<div class=\"elementor-widget-container\">\n\t\t\t\t\t\t\t\t\t<p>Welcome to!<\/p>\t\t\t\t\t\t\t\t<\/div>\n\t\t\t\t<\/div>\n\t\t\t\t<div class=\"elementor-element elementor-element-64782fe elementor-widget elementor-widget-heading\" data-id=\"64782fe\" data-element_type=\"widget\" data-widget_type=\"heading.default\">\n\t\t\t\t<div class=\"elementor-widget-container\">\n\t\t\t\t\t<h2 class=\"elementor-heading-title elementor-size-default\">Submarine 105<\/h2>\t\t\t\t<\/div>\n\t\t\t\t<\/div>\n\t\t\t\t<div class=\"elementor-element elementor-element-28db4fa elementor-widget elementor-widget-text-editor\" data-id=\"28db4fa\" data-element_type=\"widget\" data-widget_type=\"text-editor.default\">\n\t\t\t\t<div class=\"elementor-widget-container\">\n\t\t\t\t\t\t\t\t\t<h4 data-sourcepos=\"1:1-1:55\">Step Back in Time and Savor Tradition at Submarine 105<\/h4><p>Our history dates back to 1979 when for the first time Albanian movie \u201cBall\u00eb p\u00ebr ball\u00eb\u201d was presented in cinemas.<\/p><p>This film was describing the Albanian military base where between them was mentioned also Submarine 105.<\/p><p><br \/>In the film, it is further shown how after the severance of relations with Russia, where at that time we shared the same communist government system, attempts were made to hijack &#8220;Submarine 105&#8221;. Most of the film takes place in the surroundings of this Albanian ship where its internal infrastructure is shown. This was the first thread of our relationship with the submarine.<\/p><p>\u00a0<\/p><p>In 1980, in the Gjirokastra bazaar, the reconstruction of the premises began, including ours, which was different from most of the premises in the bazaar of our city. What made our bar stand out was the presence of a cellar that served as a beer bar, the citizens of Gjirokastra often mentioned the &#8220;Submarine&#8221; when they wanted to visit the bar and enjoy a beer together.<\/p><p><br \/>The film with the description of the structure of &#8220;Submarine 105&#8221; left an impression on the residents, who compared it to the structure of our bar. When we decided to reconstruct it again, we were thinking of a name for the new place and at that moment &#8220;Submarine 105&#8221; came to our memory like all the other beautiful stories told by our father and grandfather.<\/p><p><br \/>This is the history of the bar, how the citizens of Gjirokastra themselves chose the name of &#8220;Submarine 105&#8221;, what remains for us is the respect for the city\u2019s history and the passion for the quality of traditional food.<\/p><p>\u00a0<\/p><p>We serve with the greatest love for every guest who decides to try the taste of the 105 cuisine.<\/p><p>We\u2019re grateful you chose to dine with us, hopefully, you come back anytime soon!<\/p>\t\t\t\t\t\t\t\t<\/div>\n\t\t\t\t<\/div>\n\t\t\t\t<div class=\"elementor-element elementor-element-5cf05e2 elementor-mobile-align-center elementor-widget elementor-widget-button\" data-id=\"5cf05e2\" data-element_type=\"widget\" data-widget_type=\"button.default\">\n\t\t\t\t<div class=\"elementor-widget-container\">\n\t\t\t\t\t\t\t\t\t<div class=\"elementor-button-wrapper\">\n\t\t\t\t\t<a class=\"elementor-button elementor-button-link elementor-size-sm\" href=\"https:\/\/submarine105.com\/menu\/contact-us\/\">\n\t\t\t\t\t\t<span class=\"elementor-button-content-wrapper\">\n\t\t\t\t\t\t\t\t\t<span class=\"elementor-button-text\">Contact now<\/span>\n\t\t\t\t\t<\/span>\n\t\t\t\t\t<\/a>\n\t\t\t\t<\/div>\n\t\t\t\t\t\t\t\t<\/div>\n\t\t\t\t<\/div>\n\t\t\t\t\t<\/div>\n\t\t<\/div>\n\t\t\t\t<div class=\"elementor-column elementor-col-50 elementor-top-column elementor-element elementor-element-b6e3738 elementor-hidden-phone\" data-id=\"b6e3738\" data-element_type=\"column\">\n\t\t\t<div class=\"elementor-widget-wrap elementor-element-populated\">\n\t\t\t\t\t\t<div class=\"elementor-section elementor-inner-section elementor-element elementor-element-aa50968 elementor-section-boxed elementor-section-height-default elementor-section-height-default\" data-id=\"aa50968\" data-element_type=\"section\">\n\t\t\t\t\t\t<div class=\"elementor-container elementor-column-gap-no\">\n\t\t\t\t\t<div class=\"elementor-column elementor-col-50 elementor-inner-column elementor-element elementor-element-0074f23\" data-id=\"0074f23\" data-element_type=\"column\">\n\t\t\t<div class=\"elementor-widget-wrap elementor-element-populated\">\n\t\t\t\t\t\t<div class=\"elementor-element elementor-element-9a9c926 elementor-invisible elementor-widget elementor-widget-image\" data-id=\"9a9c926\" data-element_type=\"widget\" data-settings=\"{&quot;_animation&quot;:&quot;opal-move-up&quot;,&quot;_animation_delay&quot;:200}\" data-widget_type=\"image.default\">\n\t\t\t\t<div class=\"elementor-widget-container\">\n\t\t\t\t\t\t\t\t\t\t\t\t\t\t\t<img fetchpriority=\"high\" decoding=\"async\" width=\"1600\" height=\"1200\" src=\"https:\/\/submarine105.com\/menu\/wp-content\/uploads\/2024\/04\/WhatsApp-Image-2022-07-28-at-10.51.59-PM-1.jpeg\" class=\"elementor-animation-float attachment-full size-full wp-image-7372\" alt=\"\" srcset=\"https:\/\/submarine105.com\/menu\/wp-content\/uploads\/2024\/04\/WhatsApp-Image-2022-07-28-at-10.51.59-PM-1.jpeg 1600w, https:\/\/submarine105.com\/menu\/wp-content\/uploads\/2024\/04\/WhatsApp-Image-2022-07-28-at-10.51.59-PM-1-300x225.jpeg 300w, https:\/\/submarine105.com\/menu\/wp-content\/uploads\/2024\/04\/WhatsApp-Image-2022-07-28-at-10.51.59-PM-1-1024x768.jpeg 1024w, https:\/\/submarine105.com\/menu\/wp-content\/uploads\/2024\/04\/WhatsApp-Image-2022-07-28-at-10.51.59-PM-1-768x576.jpeg 768w, https:\/\/submarine105.com\/menu\/wp-content\/uploads\/2024\/04\/WhatsApp-Image-2022-07-28-at-10.51.59-PM-1-1536x1152.jpeg 1536w, https:\/\/submarine105.com\/menu\/wp-content\/uploads\/2024\/04\/WhatsApp-Image-2022-07-28-at-10.51.59-PM-1-800x600.jpeg 800w\" sizes=\"(max-width: 1600px) 100vw, 1600px\" \/>\t\t\t\t\t\t\t\t\t\t\t\t\t\t\t<\/div>\n\t\t\t\t<\/div>\n\t\t\t\t<div class=\"elementor-element elementor-element-32c0075 elementor-widget__width-auto elementor-absolute elementor-widget elementor-widget-image\" data-id=\"32c0075\" data-element_type=\"widget\" data-settings=\"{&quot;motion_fx_motion_fx_scrolling&quot;:&quot;yes&quot;,&quot;motion_fx_translateY_effect&quot;:&quot;yes&quot;,&quot;_position&quot;:&quot;absolute&quot;,&quot;motion_fx_translateY_speed&quot;:{&quot;unit&quot;:&quot;px&quot;,&quot;size&quot;:4,&quot;sizes&quot;:[]},&quot;motion_fx_translateY_affectedRange&quot;:{&quot;unit&quot;:&quot;%&quot;,&quot;size&quot;:&quot;&quot;,&quot;sizes&quot;:{&quot;start&quot;:0,&quot;end&quot;:100}},&quot;motion_fx_devices&quot;:[&quot;desktop&quot;,&quot;tablet&quot;,&quot;mobile&quot;]}\" data-widget_type=\"image.default\">\n\t\t\t\t<div class=\"elementor-widget-container\">\n\t\t\t\t\t\t\t\t\t\t\t\t\t\t\t<img decoding=\"async\" width=\"1039\" height=\"575\" src=\"https:\/\/submarine105.com\/menu\/wp-content\/uploads\/2022\/12\/rev_home6_04.png\" class=\"attachment-full size-full wp-image-6945\" alt=\"\" srcset=\"https:\/\/submarine105.com\/menu\/wp-content\/uploads\/2022\/12\/rev_home6_04.png 1039w, https:\/\/submarine105.com\/menu\/wp-content\/uploads\/2022\/12\/rev_home6_04-800x443.png 800w, https:\/\/submarine105.com\/menu\/wp-content\/uploads\/2022\/12\/rev_home6_04-300x166.png 300w, https:\/\/submarine105.com\/menu\/wp-content\/uploads\/2022\/12\/rev_home6_04-1024x567.png 1024w, https:\/\/submarine105.com\/menu\/wp-content\/uploads\/2022\/12\/rev_home6_04-768x425.png 768w\" sizes=\"(max-width: 1039px) 100vw, 1039px\" \/>\t\t\t\t\t\t\t\t\t\t\t\t\t\t\t<\/div>\n\t\t\t\t<\/div>\n\t\t\t\t\t<\/div>\n\t\t<\/div>\n\t\t\t\t<div class=\"elementor-column elementor-col-50 elementor-inner-column elementor-element elementor-element-e2a38c9\" data-id=\"e2a38c9\" data-element_type=\"column\">\n\t\t\t<div class=\"elementor-widget-wrap elementor-element-populated\">\n\t\t\t\t\t\t<div class=\"elementor-element elementor-element-8fb646b elementor-invisible elementor-widget elementor-widget-image\" data-id=\"8fb646b\" data-element_type=\"widget\" data-settings=\"{&quot;_animation&quot;:&quot;opal-move-up&quot;,&quot;_animation_delay&quot;:400}\" data-widget_type=\"image.default\">\n\t\t\t\t<div class=\"elementor-widget-container\">\n\t\t\t\t\t\t\t\t\t\t\t\t\t\t\t<img decoding=\"async\" width=\"2560\" height=\"1440\" src=\"https:\/\/submarine105.com\/menu\/wp-content\/uploads\/2024\/04\/albanian_baked_lamb_with_92485_16x9-scaled.jpg\" class=\"elementor-animation-float attachment-full size-full wp-image-7178\" alt=\"\" srcset=\"https:\/\/submarine105.com\/menu\/wp-content\/uploads\/2024\/04\/albanian_baked_lamb_with_92485_16x9-scaled.jpg 2560w, https:\/\/submarine105.com\/menu\/wp-content\/uploads\/2024\/04\/albanian_baked_lamb_with_92485_16x9-300x169.jpg 300w, https:\/\/submarine105.com\/menu\/wp-content\/uploads\/2024\/04\/albanian_baked_lamb_with_92485_16x9-1024x576.jpg 1024w, https:\/\/submarine105.com\/menu\/wp-content\/uploads\/2024\/04\/albanian_baked_lamb_with_92485_16x9-768x432.jpg 768w, https:\/\/submarine105.com\/menu\/wp-content\/uploads\/2024\/04\/albanian_baked_lamb_with_92485_16x9-1536x864.jpg 1536w, https:\/\/submarine105.com\/menu\/wp-content\/uploads\/2024\/04\/albanian_baked_lamb_with_92485_16x9-2048x1152.jpg 2048w, https:\/\/submarine105.com\/menu\/wp-content\/uploads\/2024\/04\/albanian_baked_lamb_with_92485_16x9-800x450.jpg 800w\" sizes=\"(max-width: 2560px) 100vw, 2560px\" \/>\t\t\t\t\t\t\t\t\t\t\t\t\t\t\t<\/div>\n\t\t\t\t<\/div>\n\t\t\t\t<div class=\"elementor-element elementor-element-5525bc7 elementor-invisible elementor-widget elementor-widget-image\" data-id=\"5525bc7\" data-element_type=\"widget\" data-settings=\"{&quot;_animation&quot;:&quot;opal-move-up&quot;,&quot;_animation_delay&quot;:600}\" data-widget_type=\"image.default\">\n\t\t\t\t<div class=\"elementor-widget-container\">\n\t\t\t\t\t\t\t\t\t\t\t\t\t\t\t<img loading=\"lazy\" decoding=\"async\" width=\"1080\" height=\"675\" src=\"https:\/\/submarine105.com\/menu\/wp-content\/uploads\/2024\/04\/musaka-1080x675-1.jpg\" class=\"elementor-animation-float attachment-full size-full wp-image-7177\" alt=\"\" srcset=\"https:\/\/submarine105.com\/menu\/wp-content\/uploads\/2024\/04\/musaka-1080x675-1.jpg 1080w, https:\/\/submarine105.com\/menu\/wp-content\/uploads\/2024\/04\/musaka-1080x675-1-300x188.jpg 300w, https:\/\/submarine105.com\/menu\/wp-content\/uploads\/2024\/04\/musaka-1080x675-1-1024x640.jpg 1024w, https:\/\/submarine105.com\/menu\/wp-content\/uploads\/2024\/04\/musaka-1080x675-1-768x480.jpg 768w, https:\/\/submarine105.com\/menu\/wp-content\/uploads\/2024\/04\/musaka-1080x675-1-800x500.jpg 800w\" sizes=\"(max-width: 1080px) 100vw, 1080px\" \/>\t\t\t\t\t\t\t\t\t\t\t\t\t\t\t<\/div>\n\t\t\t\t<\/div>\n\t\t\t\t<div class=\"elementor-element elementor-element-7d21a14 elementor-widget__width-auto elementor-absolute elementor-widget elementor-widget-image\" data-id=\"7d21a14\" data-element_type=\"widget\" data-settings=\"{&quot;motion_fx_motion_fx_scrolling&quot;:&quot;yes&quot;,&quot;motion_fx_translateY_effect&quot;:&quot;yes&quot;,&quot;_position&quot;:&quot;absolute&quot;,&quot;motion_fx_translateY_speed&quot;:{&quot;unit&quot;:&quot;px&quot;,&quot;size&quot;:4,&quot;sizes&quot;:[]},&quot;motion_fx_translateY_affectedRange&quot;:{&quot;unit&quot;:&quot;%&quot;,&quot;size&quot;:&quot;&quot;,&quot;sizes&quot;:{&quot;start&quot;:0,&quot;end&quot;:100}},&quot;motion_fx_devices&quot;:[&quot;desktop&quot;,&quot;tablet&quot;,&quot;mobile&quot;]}\" data-widget_type=\"image.default\">\n\t\t\t\t<div class=\"elementor-widget-container\">\n\t\t\t\t\t\t\t\t\t\t\t\t\t\t\t<img decoding=\"async\" src=\"https:\/\/demo2wpopal.b-cdn.net\/poco\/wp-content\/uploads\/2020\/08\/vector3-h3.png\" title=\"\" alt=\"\" loading=\"lazy\" \/>\t\t\t\t\t\t\t\t\t\t\t\t\t\t\t<\/div>\n\t\t\t\t<\/div>\n\t\t\t\t\t<\/div>\n\t\t<\/div>\n\t\t\t\t\t<\/div>\n\t\t<\/div>\n\t\t\t\t\t<\/div>\n\t\t<\/div>\n\t\t\t\t\t<\/div>\n\t\t<\/div>\n\t\t\t\t<\/div>\n\t\t","protected":false},"excerpt":{"rendered":"<p>Welcome to! Submarine 105 Step Back in Time and Savor Tradition at Submarine 105 Our history dates back to 1979 when for the first time Albanian movie \u201cBall\u00eb p\u00ebr ball\u00eb\u201d was presented in cinemas. This film was describing the Albanian military base where between them was mentioned also Submarine 105. In the film, it is [&hellip;]<\/p>\n","protected":false},"author":1,"featured_media":0,"parent":0,"menu_order":0,"comment_status":"closed","ping_status":"closed","template":"","meta":{"footnotes":""},"class_list":["post-184","page","type-page","status-publish","hentry"],"yoast_head":"<!-- This site is optimized with the Yoast SEO plugin v25.6 - https:\/\/yoast.com\/wordpress\/plugins\/seo\/ -->\n<title>About us - Submarine 105<\/title>\n<meta name=\"robots\" content=\"index, follow, max-snippet:-1, max-image-preview:large, max-video-preview:-1\" \/>\n<link rel=\"canonical\" href=\"https:\/\/submarine105.com\/menu\/about-us\/\" \/>\n<meta property=\"og:locale\" content=\"en_US\" \/>\n<meta property=\"og:type\" content=\"article\" \/>\n<meta property=\"og:title\" content=\"About us - Submarine 105\" \/>\n<meta property=\"og:description\" content=\"Welcome to! Submarine 105 Step Back in Time and Savor Tradition at Submarine 105 Our history dates back to 1979 when for the first time Albanian movie \u201cBall\u00eb p\u00ebr ball\u00eb\u201d was presented in cinemas. This film was describing the Albanian military base where between them was mentioned also Submarine 105. In the film, it is [&hellip;]\" \/>\n<meta property=\"og:url\" content=\"https:\/\/submarine105.com\/menu\/about-us\/\" \/>\n<meta property=\"og:site_name\" content=\"Submarine 105\" \/>\n<meta property=\"article:modified_time\" content=\"2024-04-22T00:30:13+00:00\" \/>\n<meta property=\"og:image\" content=\"https:\/\/demo2wpopal.b-cdn.net\/poco\/wp-content\/uploads\/2020\/08\/vector1-h3.png\" \/>\n<meta name=\"twitter:card\" content=\"summary_large_image\" \/>\n<meta name=\"twitter:label1\" content=\"Est. reading time\" \/>\n\t<meta name=\"twitter:data1\" content=\"3 minutes\" \/>\n<script type=\"application\/ld+json\" class=\"yoast-schema-graph\">{\"@context\":\"https:\/\/schema.org\",\"@graph\":[{\"@type\":\"WebPage\",\"@id\":\"https:\/\/submarine105.com\/menu\/about-us\/\",\"url\":\"https:\/\/submarine105.com\/menu\/about-us\/\",\"name\":\"About us - Submarine 105\",\"isPartOf\":{\"@id\":\"https:\/\/submarine105.com\/menu\/#website\"},\"primaryImageOfPage\":{\"@id\":\"https:\/\/submarine105.com\/menu\/about-us\/#primaryimage\"},\"image\":{\"@id\":\"https:\/\/submarine105.com\/menu\/about-us\/#primaryimage\"},\"thumbnailUrl\":\"https:\/\/demo2wpopal.b-cdn.net\/poco\/wp-content\/uploads\/2020\/08\/vector1-h3.png\",\"datePublished\":\"2020-08-25T09:17:35+00:00\",\"dateModified\":\"2024-04-22T00:30:13+00:00\",\"breadcrumb\":{\"@id\":\"https:\/\/submarine105.com\/menu\/about-us\/#breadcrumb\"},\"inLanguage\":\"en-US\",\"potentialAction\":[{\"@type\":\"ReadAction\",\"target\":[\"https:\/\/submarine105.com\/menu\/about-us\/\"]}]},{\"@type\":\"ImageObject\",\"inLanguage\":\"en-US\",\"@id\":\"https:\/\/submarine105.com\/menu\/about-us\/#primaryimage\",\"url\":\"https:\/\/demo2wpopal.b-cdn.net\/poco\/wp-content\/uploads\/2020\/08\/vector1-h3.png\",\"contentUrl\":\"https:\/\/demo2wpopal.b-cdn.net\/poco\/wp-content\/uploads\/2020\/08\/vector1-h3.png\"},{\"@type\":\"BreadcrumbList\",\"@id\":\"https:\/\/submarine105.com\/menu\/about-us\/#breadcrumb\",\"itemListElement\":[{\"@type\":\"ListItem\",\"position\":1,\"name\":\"Home\",\"item\":\"https:\/\/submarine105.com\/menu\/\"},{\"@type\":\"ListItem\",\"position\":2,\"name\":\"About us\"}]},{\"@type\":\"WebSite\",\"@id\":\"https:\/\/submarine105.com\/menu\/#website\",\"url\":\"https:\/\/submarine105.com\/menu\/\",\"name\":\"Submarine 105 - Tradiditonal Restaurant\",\"description\":\"Tradiditonal Restaurant in Old Bazaar - Gjirokaster\",\"publisher\":{\"@id\":\"https:\/\/submarine105.com\/menu\/#organization\"},\"potentialAction\":[{\"@type\":\"SearchAction\",\"target\":{\"@type\":\"EntryPoint\",\"urlTemplate\":\"https:\/\/submarine105.com\/menu\/?s={search_term_string}\"},\"query-input\":{\"@type\":\"PropertyValueSpecification\",\"valueRequired\":true,\"valueName\":\"search_term_string\"}}],\"inLanguage\":\"en-US\"},{\"@type\":\"Organization\",\"@id\":\"https:\/\/submarine105.com\/menu\/#organization\",\"name\":\"Submarine 105 - Tradiditonal Restaurant\",\"url\":\"https:\/\/submarine105.com\/menu\/\",\"logo\":{\"@type\":\"ImageObject\",\"inLanguage\":\"en-US\",\"@id\":\"https:\/\/submarine105.com\/menu\/#\/schema\/logo\/image\/\",\"url\":\"https:\/\/submarine105.com\/menu\/wp-content\/uploads\/2024\/04\/logo_gati.png\",\"contentUrl\":\"https:\/\/submarine105.com\/menu\/wp-content\/uploads\/2024\/04\/logo_gati.png\",\"width\":512,\"height\":512,\"caption\":\"Submarine 105 - Tradiditonal Restaurant\"},\"image\":{\"@id\":\"https:\/\/submarine105.com\/menu\/#\/schema\/logo\/image\/\"}}]}<\/script>\n<!-- \/ Yoast SEO plugin. -->","yoast_head_json":{"title":"About us - Submarine 105","robots":{"index":"index","follow":"follow","max-snippet":"max-snippet:-1","max-image-preview":"max-image-preview:large","max-video-preview":"max-video-preview:-1"},"canonical":"https:\/\/submarine105.com\/menu\/about-us\/","og_locale":"en_US","og_type":"article","og_title":"About us - Submarine 105","og_description":"Welcome to! Submarine 105 Step Back in Time and Savor Tradition at Submarine 105 Our history dates back to 1979 when for the first time Albanian movie \u201cBall\u00eb p\u00ebr ball\u00eb\u201d was presented in cinemas. This film was describing the Albanian military base where between them was mentioned also Submarine 105. In the film, it is [&hellip;]","og_url":"https:\/\/submarine105.com\/menu\/about-us\/","og_site_name":"Submarine 105","article_modified_time":"2024-04-22T00:30:13+00:00","og_image":[{"url":"https:\/\/demo2wpopal.b-cdn.net\/poco\/wp-content\/uploads\/2020\/08\/vector1-h3.png","type":"","width":"","height":""}],"twitter_card":"summary_large_image","twitter_misc":{"Est. reading time":"3 minutes"},"schema":{"@context":"https:\/\/schema.org","@graph":[{"@type":"WebPage","@id":"https:\/\/submarine105.com\/menu\/about-us\/","url":"https:\/\/submarine105.com\/menu\/about-us\/","name":"About us - Submarine 105","isPartOf":{"@id":"https:\/\/submarine105.com\/menu\/#website"},"primaryImageOfPage":{"@id":"https:\/\/submarine105.com\/menu\/about-us\/#primaryimage"},"image":{"@id":"https:\/\/submarine105.com\/menu\/about-us\/#primaryimage"},"thumbnailUrl":"https:\/\/demo2wpopal.b-cdn.net\/poco\/wp-content\/uploads\/2020\/08\/vector1-h3.png","datePublished":"2020-08-25T09:17:35+00:00","dateModified":"2024-04-22T00:30:13+00:00","breadcrumb":{"@id":"https:\/\/submarine105.com\/menu\/about-us\/#breadcrumb"},"inLanguage":"en-US","potentialAction":[{"@type":"ReadAction","target":["https:\/\/submarine105.com\/menu\/about-us\/"]}]},{"@type":"ImageObject","inLanguage":"en-US","@id":"https:\/\/submarine105.com\/menu\/about-us\/#primaryimage","url":"https:\/\/demo2wpopal.b-cdn.net\/poco\/wp-content\/uploads\/2020\/08\/vector1-h3.png","contentUrl":"https:\/\/demo2wpopal.b-cdn.net\/poco\/wp-content\/uploads\/2020\/08\/vector1-h3.png"},{"@type":"BreadcrumbList","@id":"https:\/\/submarine105.com\/menu\/about-us\/#breadcrumb","itemListElement":[{"@type":"ListItem","position":1,"name":"Home","item":"https:\/\/submarine105.com\/menu\/"},{"@type":"ListItem","position":2,"name":"About us"}]},{"@type":"WebSite","@id":"https:\/\/submarine105.com\/menu\/#website","url":"https:\/\/submarine105.com\/menu\/","name":"Submarine 105 - Tradiditonal Restaurant","description":"Tradiditonal Restaurant in Old Bazaar - Gjirokaster","publisher":{"@id":"https:\/\/submarine105.com\/menu\/#organization"},"potentialAction":[{"@type":"SearchAction","target":{"@type":"EntryPoint","urlTemplate":"https:\/\/submarine105.com\/menu\/?s={search_term_string}"},"query-input":{"@type":"PropertyValueSpecification","valueRequired":true,"valueName":"search_term_string"}}],"inLanguage":"en-US"},{"@type":"Organization","@id":"https:\/\/submarine105.com\/menu\/#organization","name":"Submarine 105 - Tradiditonal Restaurant","url":"https:\/\/submarine105.com\/menu\/","logo":{"@type":"ImageObject","inLanguage":"en-US","@id":"https:\/\/submarine105.com\/menu\/#\/schema\/logo\/image\/","url":"https:\/\/submarine105.com\/menu\/wp-content\/uploads\/2024\/04\/logo_gati.png","contentUrl":"https:\/\/submarine105.com\/menu\/wp-content\/uploads\/2024\/04\/logo_gati.png","width":512,"height":512,"caption":"Submarine 105 - Tradiditonal Restaurant"},"image":{"@id":"https:\/\/submarine105.com\/menu\/#\/schema\/logo\/image\/"}}]}},"_links":{"self":[{"href":"https:\/\/submarine105.com\/menu\/wp-json\/wp\/v2\/pages\/184","targetHints":{"allow":["GET"]}}],"collection":[{"href":"https:\/\/submarine105.com\/menu\/wp-json\/wp\/v2\/pages"}],"about":[{"href":"https:\/\/submarine105.com\/menu\/wp-json\/wp\/v2\/types\/page"}],"author":[{"embeddable":true,"href":"https:\/\/submarine105.com\/menu\/wp-json\/wp\/v2\/users\/1"}],"replies":[{"embeddable":true,"href":"https:\/\/submarine105.com\/menu\/wp-json\/wp\/v2\/comments?post=184"}],"version-history":[{"count":55,"href":"https:\/\/submarine105.com\/menu\/wp-json\/wp\/v2\/pages\/184\/revisions"}],"predecessor-version":[{"id":7693,"href":"https:\/\/submarine105.com\/menu\/wp-json\/wp\/v2\/pages\/184\/revisions\/7693"}],"wp:attachment":[{"href":"https:\/\/submarine105.com\/menu\/wp-json\/wp\/v2\/media?parent=184"}],"curies":[{"name":"wp","href":"https:\/\/api.w.org\/{rel}","templated":true}]}}